{"id":27768,"date":"2025-05-27T12:44:10","date_gmt":"2025-05-27T10:44:10","guid":{"rendered":"https:\/\/3dpath.eu\/preventivo-rapido\/"},"modified":"2025-12-11T12:56:30","modified_gmt":"2025-12-11T11:56:30","slug":"preventivo-rapido","status":"publish","type":"page","link":"https:\/\/3dpath.eu\/it\/preventivo-rapido\/","title":{"rendered":"Preventivo rapido"},"content":{"rendered":"\t\t<div data-elementor-type=\"wp-page\" data-elementor-id=\"27768\" class=\"elementor elementor-27768 elementor-23998\" data-elementor-post-type=\"page\">\n\t\t\t\t\t\t<section class=\"elementor-section elementor-top-section elementor-element elementor-element-40c8888 elementor-section-boxed elementor-section-height-default elementor-section-height-default\" data-id=\"40c8888\" data-element_type=\"section\">\n\t\t\t\t\t\t<div class=\"elementor-container elementor-column-gap-default\">\n\t\t\t\t\t<div class=\"elementor-column elementor-col-50 elementor-top-column elementor-element elementor-element-d34309f\" data-id=\"d34309f\" data-element_type=\"column\">\n\t\t\t<div class=\"elementor-widget-wrap elementor-element-populated\">\n\t\t\t\t\t\t<section class=\"elementor-section elementor-inner-section elementor-element elementor-element-a5fa9e3 sticky-parent elementor-section-boxed elementor-section-height-default elementor-section-height-default\" data-id=\"a5fa9e3\" data-element_type=\"section\">\n\t\t\t\t\t\t<div class=\"elementor-container elementor-column-gap-default\">\n\t\t\t\t\t<div class=\"elementor-column elementor-col-100 elementor-inner-column elementor-element elementor-element-68ab27c sticky-column\" data-id=\"68ab27c\" data-element_type=\"column\">\n\t\t\t<div class=\"elementor-widget-wrap elementor-element-populated\">\n\t\t\t\t\t\t<div class=\"elementor-element elementor-element-7998f30 elementor-widget elementor-widget-neuros_heading\" data-id=\"7998f30\" data-element_type=\"widget\" data-widget_type=\"neuros_heading.default\">\n\t\t\t\t<div class=\"elementor-widget-container\">\n\t\t\t\t\t<div class=\"neuros-heading-widget\"><h2 class=\"neuros-heading\"><span class=\"neuros-heading-content has_gradient_color_text\">Devis rapide et <del>livraison acc\u00e9l\u00e9r\u00e9e de projet<\/del><\/span><\/h2><\/div>\t\t\t\t<\/div>\n\t\t\t\t<\/div>\n\t\t\t\t<div class=\"elementor-element elementor-element-50ef7da elementor-widget elementor-widget-text-editor\" data-id=\"50ef7da\" data-element_type=\"widget\" data-widget_type=\"text-editor.default\">\n\t\t\t\t<div class=\"elementor-widget-container\">\n\t\t\t\t\t\t\t\t\t<p>Vous avez besoin de pi\u00e8ces sur mesure ? Envoyez-nous votre plan ou mod\u00e8le 3D et recevez un devis pr\u00e9cis en quelques minutes. <\/p><p>Aucune terminologie compliqu\u00e9e, aucune obligation \u2013 joignez simplement votre fichier et nous nous occupons du reste.<\/p><p>D\u00e9lais de r\u00e9alisation \u00e0 partir de seulement 3 jours ouvrables.<\/p><p>Nous op\u00e9rons en conformit\u00e9 avec la certification ISO 9001:2015, en garantissant les plus hautes normes de qualit\u00e9 \u00e0 chaque \u00e9tape de la production \u2013 du premier contact jusqu\u2019\u00e0 la livraison des composants finis..<\/p>\t\t\t\t\t\t\t\t<\/div>\n\t\t\t\t<\/div>\n\t\t\t\t\t<\/div>\n\t\t<\/div>\n\t\t\t\t\t<\/div>\n\t\t<\/section>\n\t\t\t\t\t<\/div>\n\t\t<\/div>\n\t\t\t\t<div class=\"elementor-column elementor-col-50 elementor-top-column elementor-element elementor-element-00b203a\" data-id=\"00b203a\" data-element_type=\"column\">\n\t\t\t<div class=\"elementor-widget-wrap elementor-element-populated\">\n\t\t\t\t\t\t<section class=\"elementor-section elementor-inner-section elementor-element elementor-element-9f12537 elementor-section-boxed elementor-section-height-default elementor-section-height-default\" data-id=\"9f12537\" data-element_type=\"section\" data-settings=\"{&quot;background_background&quot;:&quot;classic&quot;}\">\n\t\t\t\t\t\t<div class=\"elementor-container elementor-column-gap-default\">\n\t\t\t\t\t<div class=\"elementor-column elementor-col-100 elementor-inner-column elementor-element elementor-element-f715eed\" data-id=\"f715eed\" data-element_type=\"column\">\n\t\t\t<div class=\"elementor-widget-wrap elementor-element-populated\">\n\t\t\t\t\t\t<div class=\"elementor-element elementor-element-c20272a elementor-widget elementor-widget-shortcode\" data-id=\"c20272a\" data-element_type=\"widget\" data-widget_type=\"shortcode.default\">\n\t\t\t\t<div class=\"elementor-widget-container\">\n\t\t\t\t\t\t\t<div class=\"elementor-shortcode\">\n<div class=\"wpcf7 no-js\" id=\"wpcf7-f28075-o1\" lang=\"it-IT\" dir=\"ltr\" data-wpcf7-id=\"28075\">\n<div class=\"screen-reader-response\"><p role=\"status\" aria-live=\"polite\" aria-atomic=\"true\"><\/p> <ul><\/ul><\/div>\n<form action=\"\/it\/wp-json\/wp\/v2\/pages\/27768#wpcf7-f28075-o1\" method=\"post\" class=\"wpcf7-form init new-spinner\" aria-label=\"Modulo di contatto\" novalidate=\"novalidate\" data-status=\"init\">\n<fieldset class=\"hidden-fields-container\"><input type=\"hidden\" name=\"_wpcf7\" value=\"28075\" \/><input type=\"hidden\" name=\"_wpcf7_version\" value=\"6.1.1\" \/><input type=\"hidden\" name=\"_wpcf7_locale\" value=\"it_IT\" \/><input type=\"hidden\" name=\"_wpcf7_unit_tag\" value=\"wpcf7-f28075-o1\" \/><input type=\"hidden\" name=\"_wpcf7_container_post\" value=\"0\" \/><input type=\"hidden\" name=\"_wpcf7_posted_data_hash\" value=\"\" \/><input type=\"hidden\" name=\"_wpcf7cf_hidden_group_fields\" value=\"[]\" \/><input type=\"hidden\" name=\"_wpcf7cf_hidden_groups\" value=\"[]\" \/><input type=\"hidden\" name=\"_wpcf7cf_visible_groups\" value=\"[]\" \/><input type=\"hidden\" name=\"_wpcf7cf_repeaters\" value=\"[]\" \/><input type=\"hidden\" name=\"_wpcf7cf_steps\" value=\"{}\" \/><input type=\"hidden\" name=\"_wpcf7cf_options\" value=\"{&quot;form_id&quot;:28075,&quot;conditions&quot;:[],&quot;settings&quot;:{&quot;animation&quot;:&quot;yes&quot;,&quot;animation_intime&quot;:200,&quot;animation_outtime&quot;:200,&quot;conditions_ui&quot;:&quot;normal&quot;,&quot;notice_dismissed&quot;:false,&quot;notice_dismissed_update-cf7-6.1.1&quot;:true}}\" \/><input type=\"hidden\" name=\"upload_dir\" value=\"[company-name-date]\" \/><input type=\"hidden\" name=\"generate_name\" value=\"04-07-26-69d5357860aa9\" \/><input type=\"hidden\" name=\"_wpcf7_post_id\" value=\"27768\" \/><input type=\"hidden\" name=\"_wpcf7_recaptcha_response\" value=\"\" \/>\n<\/fieldset>\n<input class=\"wpcf7-form-control wpcf7-hidden\" value=\"\" type=\"hidden\" name=\"hidden-phone\" \/>\n<div class=\"cf7-grid quickForm\">\n  <div class=\"cf7-col cf7-col-6\">\n <span class=\"wpcf7-form-control-wrap\" data-name=\"your-name\"><input size=\"40\" maxlength=\"400\" class=\"wpcf7-form-control wpcf7-text wpcf7-validates-as-required\" aria-required=\"true\" aria-invalid=\"false\" placeholder=\"Nome e cognome\" value=\"\" type=\"text\" name=\"your-name\" \/><\/span>\n  <\/div>\n  <div class=\"cf7-col cf7-col-6\">\n    <span class=\"wpcf7-form-control-wrap\" data-name=\"company-name\"><input size=\"40\" maxlength=\"400\" class=\"wpcf7-form-control wpcf7-text\" aria-invalid=\"false\" placeholder=\"Nome dell\u2019azienda\" value=\"\" type=\"text\" name=\"company-name\" \/><\/span>\n  <\/div>\n\n  <div class=\"cf7-col cf7-col-6\">\n <span class=\"wpcf7-form-control-wrap\" data-name=\"phone\"><input size=\"40\" maxlength=\"400\" class=\"wpcf7-form-control wpcf7-tel wpcf7-validates-as-required wpcf7-text wpcf7-validates-as-tel\" aria-required=\"true\" aria-invalid=\"false\" placeholder=\"123 456 789\" value=\"\" type=\"tel\" name=\"phone\" \/><\/span>\n  <\/div>\n\n  <div class=\"cf7-col cf7-col-6\">\n <span class=\"wpcf7-form-control-wrap\" data-name=\"your-email\"><input size=\"40\" maxlength=\"400\" class=\"wpcf7-form-control wpcf7-email wpcf7-validates-as-required wpcf7-text wpcf7-validates-as-email\" aria-required=\"true\" aria-invalid=\"false\" placeholder=\"E-mail\" value=\"\" type=\"email\" name=\"your-email\" \/><\/span>\n  <\/div>\n\n  <div class=\"cf7-col cf7-col-12\">\n    <label>Tipo di cliente:<\/label>\n<span class=\"wpcf7-form-control-wrap\" data-name=\"client-type\"><span class=\"wpcf7-form-control wpcf7-radio\"><span class=\"wpcf7-list-item first\"><label><input type=\"radio\" name=\"client-type\" value=\"Azienda\" \/><span class=\"wpcf7-list-item-label\">Azienda<\/span><\/label><\/span><span class=\"wpcf7-list-item last\"><label><input type=\"radio\" name=\"client-type\" value=\"Persona giuridica\" \/><span class=\"wpcf7-list-item-label\">Persona giuridica<\/span><\/label><\/span><\/span><\/span>\n  <\/div>\n\n  <div class=\"cf7-col cf7-col-12\">\n    <label>Tipo di ordine:<\/label>\n<span class=\"wpcf7-form-control-wrap\" data-name=\"order-type\"><span class=\"wpcf7-form-control wpcf7-radio\"><span class=\"wpcf7-list-item first\"><label><input type=\"radio\" name=\"order-type\" value=\"Produzione singola\" \/><span class=\"wpcf7-list-item-label\">Produzione singola<\/span><\/label><\/span><span class=\"wpcf7-list-item last\"><label><input type=\"radio\" name=\"order-type\" value=\"Produzione in serie\" \/><span class=\"wpcf7-list-item-label\">Produzione in serie<\/span><\/label><\/span><\/span><\/span>\n  <\/div>\n\n  <div class=\"cf7-col cf7-col-12\">\n     <label>Seleziona il servizio:<\/label>\n<span class=\"wpcf7-form-control-wrap\" data-name=\"select-service\"><span class=\"wpcf7-form-control wpcf7-checkbox wpcf7-validates-as-required\"><span class=\"wpcf7-list-item first\"><label><input type=\"checkbox\" name=\"select-service[]\" value=\"Fresatura \/ tornitura CNC\" \/><span class=\"wpcf7-list-item-label\">Fresatura \/ tornitura CNC<\/span><\/label><\/span><span class=\"wpcf7-list-item last\"><label><input type=\"checkbox\" name=\"select-service[]\" value=\"Taglio laser \/ taglio a getto d\u2019acqua \/ piegatura CNC \/ altro\" \/><span class=\"wpcf7-list-item-label\">Taglio laser \/ taglio a getto d\u2019acqua \/ piegatura CNC \/ altro<\/span><\/label><\/span><\/span><\/span>\n    \n  <\/div>\n\n  <div class=\"cf7-col cf7-col-12\">\n    <label>Fornisci ulteriori dettagli<\/label>\n<span class=\"wpcf7-form-control-wrap\" data-name=\"more-info\"><textarea cols=\"40\" rows=\"10\" maxlength=\"2000\" class=\"wpcf7-form-control wpcf7-textarea\" aria-invalid=\"false\" placeholder=\"Fornisci ulteriori dettagli\" name=\"more-info\"><\/textarea><\/span>\n  <\/div>\n\n  <div class=\"cf7-col cf7-col-12 calendarForm\">\n    <label>Seleziona la data di completamento:<\/label>\n   <div id=\"calendar-container\">\n     <div id=\"calendar\"><\/div>\n   <\/div>\n   <input class=\"wpcf7-form-control wpcf7-hidden\" id=\"calendar-date\" value=\"\" type=\"hidden\" name=\"calendar-date\" \/>\n  <\/div>\n\n  <div class=\"cf7-col cf7-col-12\">\n    <label>Trascina e rilascia i file CAD<\/label>\n    <span class=\"wpcf7-form-control-wrap codedropz-theme-light\" data-name=\"draganddrop\"><input size=\"40\" class=\"wpcf7-form-control wpcf7-drag-n-drop-file d-none\" aria-invalid=\"false\" type=\"file\" multiple=\"multiple\" data-name=\"draganddrop\" data-type=\"step|stp|iges|igs|x_t|x_b|sat|stl|3mf|obj|dxf|dwg|wrl|sldprt|sldasm|slddrw|catpart|catproduct|cgr|prt|asm|ipt|iam|idw|f3d|f3z|par|pwd|3dm|skp|fcstd|nc|tap|cnc|gcode|apt|cl|cld|cls|h|i|maz|svg|plt|hpg|pdf|ply|xyz|e57|las|laz|qif|csv|xml|xlsx|zip|txt\" data-max=\"200\" data-id=\"28075\" accept=\".step, .stp, .iges, .igs, .x_t, .x_b, .sat, .stl, .3mf, .obj, .dxf, .dwg, .wrl, .sldprt, .sldasm, .slddrw, .catpart, .catproduct, .cgr, .prt, .asm, .ipt, .iam, .idw, .f3d, .f3z, .par, .pwd, .3dm, .skp, .fcstd, .nc, .tap, .cnc, .gcode, .apt, .cl, .cld, .cls, .h, .i, .maz, .svg, .plt, .hpg, .pdf, .ply, .xyz, .e57, .las, .laz, .qif, .csv, .xml, .xlsx, .zip, .txt\" name=\"\" \/><\/span>\n\n  <\/div>\n\n<div class=\"cf7-col cf7-col-12\">\n    <label>Come ci hai conosciuti?<\/label>\n  <span class=\"wpcf7-form-control-wrap\" data-name=\"opcja\"><select class=\"wpcf7-form-control wpcf7-select wpcf7-validates-as-required\" aria-required=\"true\" aria-invalid=\"false\" name=\"opcja\"><option value=\"\">&#8212;Seleziona un&#039;opzione&#8212;<\/option><option value=\"E-mail\">E-mail<\/option><option value=\"Google\">Google<\/option><option value=\"Facebook\">Facebook<\/option><option value=\"Instagram\">Instagram<\/option><option value=\"LinkedIn\">LinkedIn<\/option><option value=\"Youtube\">Youtube<\/option><option value=\"TikTok\">TikTok<\/option><option value=\"Z Consiglio di un amico\">Z Consiglio di un amico<\/option><option value=\"Pubblicit\u00e0 online\">Pubblicit\u00e0 online<\/option><option value=\"Fiera o esposizione\">Fiera o esposizione<\/option><option value=\"Altro\">Altro<\/option><\/select><\/span>\n\n   <div id=\"extra-field\" style=\"margin-top: 12px;\">\n    <div data-id=\"friend-field\" data-orig_data_id=\"friend-field\"  class=\"\" data-class=\"wpcf7cf_group\">\n     <label> Nome Cognome o Azienda\n      <span class=\"wpcf7-form-control-wrap\" data-name=\"extra-for-friend\"><input size=\"40\" maxlength=\"400\" class=\"wpcf7-form-control wpcf7-text wpcf7-validates-as-required\" aria-required=\"true\" aria-invalid=\"false\" value=\"\" type=\"text\" name=\"extra-for-friend\" \/><\/span>\n     <\/label>\n    <\/div>\n   <\/div>\n\n   <div id=\"extra-field-other\" style=\"margin-top: 12px;\">\n    <div data-id=\"other-field\" data-orig_data_id=\"other-field\"  class=\"\" data-class=\"wpcf7cf_group\">\n     <label> Si prega di precisare\n      <span class=\"wpcf7-form-control-wrap\" data-name=\"extra-for-other\"><input size=\"40\" maxlength=\"400\" class=\"wpcf7-form-control wpcf7-text wpcf7-validates-as-required\" aria-required=\"true\" aria-invalid=\"false\" value=\"\" type=\"text\" name=\"extra-for-other\" \/><\/span>\n     <\/label>\n    <\/div>\n   <\/div>\n\n  <\/div>\n\n  <div class=\"cf7-col cf7-col-12\">\n<span class=\"wpcf7-form-control-wrap\" data-name=\"acceptance-992\"><span class=\"wpcf7-form-control wpcf7-acceptance\"><span class=\"wpcf7-list-item\"><label><input type=\"checkbox\" name=\"acceptance-992\" value=\"1\" aria-invalid=\"false\" \/><span class=\"wpcf7-list-item-label\">Acconsento al trattamento dei miei dati personali in conformit\u00e0 con la legge sulla protezione dei dati personali e con il Regolamento (UE) 2016\/679. Il conferimento dei dati \u00e8 volontario ma necessario per poter elaborare la richiesta. Sono stato informato di avere il diritto di accedere ai miei dati, di correggerli e di chiederne la cessazione del trattamento. Il titolare del trattamento \u00e8 3D Path. Ulteriori informazioni sulla protezione dei dati personali sono disponibili nell\u2019Informativa <a href=\"\/it\/informativa-sulla-privacy\/\" title=\"Informativa sulla privacy\">sulla privacy<\/a>. Cliccando su INVIA accetti tutte le condizioni sopra riportate.<\/span><\/label><\/span><\/span><\/span>\n  <\/div>\n\n  <div class=\"cf7-col cf7-col-12\">\n    <input class=\"wpcf7-form-control wpcf7-submit has-spinner\" type=\"submit\" value=\"Invia\" \/>\n\n<input class=\"wpcf7-form-control wpcf7-hidden\" value=\"\" type=\"hidden\" name=\"company-name-date\" \/>\n  <\/div>\n<\/div><div class=\"wpcf7-response-output\" aria-hidden=\"true\"><\/div>\n<\/form>\n<\/div>\n<\/div>\n\t\t\t\t\t\t<\/div>\n\t\t\t\t<\/div>\n\t\t\t\t\t<\/div>\n\t\t<\/div>\n\t\t\t\t\t<\/div>\n\t\t<\/section>\n\t\t\t\t\t<\/div>\n\t\t<\/div>\n\t\t\t\t\t<\/div>\n\t\t<\/section>\n\t\t\t\t<\/div>\n\t\t","protected":false},"excerpt":{"rendered":"<p>Vous avez besoin de pi\u00e8ces sur mesure ? Envoyez-nous votre plan ou mod\u00e8le 3D et recevez un devis pr\u00e9cis en quelques minutes. Aucune terminologie compliqu\u00e9e, aucune obligation \u2013 joignez simplement votre fichier et nous nous occupons du reste. D\u00e9lais de r\u00e9alisation&#8230;<\/p>\n","protected":false},"author":1,"featured_media":0,"parent":0,"menu_order":0,"comment_status":"closed","ping_status":"closed","template":"","meta":{"_acf_changed":false,"footnotes":""},"class_list":["post-27768","page","type-page","status-publish","hentry"],"acf":[],"yoast_head":"<!-- This site is optimized with the Yoast SEO plugin v25.2 - https:\/\/yoast.com\/wordpress\/plugins\/seo\/ -->\n<title>Preventivo rapido | 3D Path<\/title>\n<meta name=\"robots\" content=\"index, follow, max-snippet:-1, max-image-preview:large, max-video-preview:-1\" \/>\n<link rel=\"canonical\" href=\"https:\/\/3dpath.eu\/it\/preventivo-rapido\/\" \/>\n<meta property=\"og:locale\" content=\"it_IT\" \/>\n<meta property=\"og:type\" content=\"article\" \/>\n<meta property=\"og:title\" content=\"Preventivo rapido | 3D Path\" \/>\n<meta property=\"og:description\" content=\"Vous avez besoin de pi\u00e8ces sur mesure ? Envoyez-nous votre plan ou mod\u00e8le 3D et recevez un devis pr\u00e9cis en quelques minutes. Aucune terminologie compliqu\u00e9e, aucune obligation \u2013 joignez simplement votre fichier et nous nous occupons du reste. D\u00e9lais de r\u00e9alisation...\" \/>\n<meta property=\"og:url\" content=\"https:\/\/3dpath.eu\/it\/preventivo-rapido\/\" \/>\n<meta property=\"og:site_name\" content=\"3D Path\" \/>\n<meta property=\"article:publisher\" content=\"https:\/\/www.facebook.com\/3d.path1\/\" \/>\n<meta property=\"article:modified_time\" content=\"2025-12-11T11:56:30+00:00\" \/>\n<meta property=\"og:image\" content=\"https:\/\/3dpath.eu\/wp-content\/uploads\/2025\/09\/nowe-og.png\" \/>\n\t<meta property=\"og:image:width\" content=\"1200\" \/>\n\t<meta property=\"og:image:height\" content=\"675\" \/>\n\t<meta property=\"og:image:type\" content=\"image\/png\" \/>\n<meta name=\"twitter:card\" content=\"summary_large_image\" \/>\n<meta name=\"twitter:label1\" content=\"Tempo di lettura stimato\" \/>\n\t<meta name=\"twitter:data1\" content=\"1 minuto\" \/>\n<script type=\"application\/ld+json\" class=\"yoast-schema-graph\">{\"@context\":\"https:\/\/schema.org\",\"@graph\":[{\"@type\":\"WebPage\",\"@id\":\"https:\/\/3dpath.eu\/it\/preventivo-rapido\/\",\"url\":\"https:\/\/3dpath.eu\/it\/preventivo-rapido\/\",\"name\":\"Preventivo rapido | 3D Path\",\"isPartOf\":{\"@id\":\"https:\/\/3dpath.eu\/it\/#website\"},\"datePublished\":\"2025-05-27T10:44:10+00:00\",\"dateModified\":\"2025-12-11T11:56:30+00:00\",\"breadcrumb\":{\"@id\":\"https:\/\/3dpath.eu\/it\/preventivo-rapido\/#breadcrumb\"},\"inLanguage\":\"it-IT\",\"potentialAction\":[{\"@type\":\"ReadAction\",\"target\":[\"https:\/\/3dpath.eu\/it\/preventivo-rapido\/\"]}]},{\"@type\":\"BreadcrumbList\",\"@id\":\"https:\/\/3dpath.eu\/it\/preventivo-rapido\/#breadcrumb\",\"itemListElement\":[{\"@type\":\"ListItem\",\"position\":1,\"name\":\"Strona g\u0142\u00f3wna\",\"item\":\"https:\/\/3dpath.eu\/it\/\"},{\"@type\":\"ListItem\",\"position\":2,\"name\":\"Preventivo rapido\"}]},{\"@type\":\"WebSite\",\"@id\":\"https:\/\/3dpath.eu\/it\/#website\",\"url\":\"https:\/\/3dpath.eu\/it\/\",\"name\":\"3D Path\",\"description\":\"\",\"publisher\":{\"@id\":\"https:\/\/3dpath.eu\/it\/#organization\"},\"potentialAction\":[{\"@type\":\"SearchAction\",\"target\":{\"@type\":\"EntryPoint\",\"urlTemplate\":\"https:\/\/3dpath.eu\/it\/?s={search_term_string}\"},\"query-input\":{\"@type\":\"PropertyValueSpecification\",\"valueRequired\":true,\"valueName\":\"search_term_string\"}}],\"inLanguage\":\"it-IT\"},{\"@type\":\"Organization\",\"@id\":\"https:\/\/3dpath.eu\/it\/#organization\",\"name\":\"3D Path\",\"url\":\"https:\/\/3dpath.eu\/it\/\",\"logo\":{\"@type\":\"ImageObject\",\"inLanguage\":\"it-IT\",\"@id\":\"https:\/\/3dpath.eu\/it\/#\/schema\/logo\/image\/\",\"url\":\"https:\/\/3dpath.eu\/wp-content\/uploads\/2025\/09\/nowe-og-male.png\",\"contentUrl\":\"https:\/\/3dpath.eu\/wp-content\/uploads\/2025\/09\/nowe-og-male.png\",\"width\":696,\"height\":696,\"caption\":\"3D Path\"},\"image\":{\"@id\":\"https:\/\/3dpath.eu\/it\/#\/schema\/logo\/image\/\"},\"sameAs\":[\"https:\/\/www.facebook.com\/3d.path1\/\",\"https:\/\/www.instagram.com\/3d_path\/\"]}]}<\/script>\n<!-- \/ Yoast SEO plugin. -->","yoast_head_json":{"title":"Preventivo rapido | 3D Path","robots":{"index":"index","follow":"follow","max-snippet":"max-snippet:-1","max-image-preview":"max-image-preview:large","max-video-preview":"max-video-preview:-1"},"canonical":"https:\/\/3dpath.eu\/it\/preventivo-rapido\/","og_locale":"it_IT","og_type":"article","og_title":"Preventivo rapido | 3D Path","og_description":"Vous avez besoin de pi\u00e8ces sur mesure ? Envoyez-nous votre plan ou mod\u00e8le 3D et recevez un devis pr\u00e9cis en quelques minutes. Aucune terminologie compliqu\u00e9e, aucune obligation \u2013 joignez simplement votre fichier et nous nous occupons du reste. D\u00e9lais de r\u00e9alisation...","og_url":"https:\/\/3dpath.eu\/it\/preventivo-rapido\/","og_site_name":"3D Path","article_publisher":"https:\/\/www.facebook.com\/3d.path1\/","article_modified_time":"2025-12-11T11:56:30+00:00","og_image":[{"width":1200,"height":675,"url":"https:\/\/3dpath.eu\/wp-content\/uploads\/2025\/09\/nowe-og.png","type":"image\/png"}],"twitter_card":"summary_large_image","twitter_misc":{"Tempo di lettura stimato":"1 minuto"},"schema":{"@context":"https:\/\/schema.org","@graph":[{"@type":"WebPage","@id":"https:\/\/3dpath.eu\/it\/preventivo-rapido\/","url":"https:\/\/3dpath.eu\/it\/preventivo-rapido\/","name":"Preventivo rapido | 3D Path","isPartOf":{"@id":"https:\/\/3dpath.eu\/it\/#website"},"datePublished":"2025-05-27T10:44:10+00:00","dateModified":"2025-12-11T11:56:30+00:00","breadcrumb":{"@id":"https:\/\/3dpath.eu\/it\/preventivo-rapido\/#breadcrumb"},"inLanguage":"it-IT","potentialAction":[{"@type":"ReadAction","target":["https:\/\/3dpath.eu\/it\/preventivo-rapido\/"]}]},{"@type":"BreadcrumbList","@id":"https:\/\/3dpath.eu\/it\/preventivo-rapido\/#breadcrumb","itemListElement":[{"@type":"ListItem","position":1,"name":"Strona g\u0142\u00f3wna","item":"https:\/\/3dpath.eu\/it\/"},{"@type":"ListItem","position":2,"name":"Preventivo rapido"}]},{"@type":"WebSite","@id":"https:\/\/3dpath.eu\/it\/#website","url":"https:\/\/3dpath.eu\/it\/","name":"3D Path","description":"","publisher":{"@id":"https:\/\/3dpath.eu\/it\/#organization"},"potentialAction":[{"@type":"SearchAction","target":{"@type":"EntryPoint","urlTemplate":"https:\/\/3dpath.eu\/it\/?s={search_term_string}"},"query-input":{"@type":"PropertyValueSpecification","valueRequired":true,"valueName":"search_term_string"}}],"inLanguage":"it-IT"},{"@type":"Organization","@id":"https:\/\/3dpath.eu\/it\/#organization","name":"3D Path","url":"https:\/\/3dpath.eu\/it\/","logo":{"@type":"ImageObject","inLanguage":"it-IT","@id":"https:\/\/3dpath.eu\/it\/#\/schema\/logo\/image\/","url":"https:\/\/3dpath.eu\/wp-content\/uploads\/2025\/09\/nowe-og-male.png","contentUrl":"https:\/\/3dpath.eu\/wp-content\/uploads\/2025\/09\/nowe-og-male.png","width":696,"height":696,"caption":"3D Path"},"image":{"@id":"https:\/\/3dpath.eu\/it\/#\/schema\/logo\/image\/"},"sameAs":["https:\/\/www.facebook.com\/3d.path1\/","https:\/\/www.instagram.com\/3d_path\/"]}]}},"_links":{"self":[{"href":"https:\/\/3dpath.eu\/it\/wp-json\/wp\/v2\/pages\/27768","targetHints":{"allow":["GET"]}}],"collection":[{"href":"https:\/\/3dpath.eu\/it\/wp-json\/wp\/v2\/pages"}],"about":[{"href":"https:\/\/3dpath.eu\/it\/wp-json\/wp\/v2\/types\/page"}],"author":[{"embeddable":true,"href":"https:\/\/3dpath.eu\/it\/wp-json\/wp\/v2\/users\/1"}],"replies":[{"embeddable":true,"href":"https:\/\/3dpath.eu\/it\/wp-json\/wp\/v2\/comments?post=27768"}],"version-history":[{"count":1,"href":"https:\/\/3dpath.eu\/it\/wp-json\/wp\/v2\/pages\/27768\/revisions"}],"predecessor-version":[{"id":27771,"href":"https:\/\/3dpath.eu\/it\/wp-json\/wp\/v2\/pages\/27768\/revisions\/27771"}],"wp:attachment":[{"href":"https:\/\/3dpath.eu\/it\/wp-json\/wp\/v2\/media?parent=27768"}],"curies":[{"name":"wp","href":"https:\/\/api.w.org\/{rel}","templated":true}]}}